{"id":470,"date":"2023-06-09T08:27:49","date_gmt":"2023-06-09T06:27:49","guid":{"rendered":"https:\/\/www.grawosiedle.polsl.pl\/?page_id=470"},"modified":"2023-06-09T08:28:55","modified_gmt":"2023-06-09T06:28:55","slug":"470-2","status":"publish","type":"page","link":"https:\/\/www.housingestategame.polsl.pl\/index.php\/470-2\/","title":{"rendered":"A model of part of the First District housing estate in Katowice."},"content":{"rendered":"\n<figure class=\"wp-block-image size-large is-resized\"><img fetchpriority=\"high\" decoding=\"async\" src=\"https:\/\/www.grawosiedle.polsl.pl\/wp-content\/uploads\/2023\/06\/piersza-dzielnica_aksonometria_21.03-1024x791.jpg\" alt=\"\" class=\"wp-image-231\" width=\"715\" height=\"552\" srcset=\"https:\/\/www.housingestategame.polsl.pl\/wp-content\/uploads\/2023\/06\/piersza-dzielnica_aksonometria_21.03-1024x791.jpg 1024w, https:\/\/www.housingestategame.polsl.pl\/wp-content\/uploads\/2023\/06\/piersza-dzielnica_aksonometria_21.03-300x232.jpg 300w, https:\/\/www.housingestategame.polsl.pl\/wp-content\/uploads\/2023\/06\/piersza-dzielnica_aksonometria_21.03-768x594.jpg 768w, https:\/\/www.housingestategame.polsl.pl\/wp-content\/uploads\/2023\/06\/piersza-dzielnica_aksonometria_21.03.jpg 1061w\" sizes=\"(max-width: 715px) 100vw, 715px\" \/><\/figure>\n\n\n<div class=\"wp-block-image\">\n<figure class=\"aligncenter size-full is-resized\"><img decoding=\"async\" src=\"https:\/\/www.grawosiedle.polsl.pl\/wp-content\/uploads\/2023\/06\/piersza-dzielnica_rzut_21.03-1.jpg\" alt=\"\" class=\"wp-image-241\" width=\"416\" height=\"489\"\/><\/figure>\n<\/div>\n\n\n<p>Residential intensity is a concept that characterizes the efficiency of land use to achieve a certain number of apartments or residential building area on a plot.<\/p>\n\n\n\n<p>The increase in housing intensity is noticeable especially in the centers of large cities an example of which is the First District in Katowice designed by the Medusa Group architectural studio.<\/p>\n\n\n\n<p>The complex is distinguished by the high attractiveness of its location in the immediate vicinity of the Culture Zone, Spodek, the International Congress Center, the National Polish Radio Symphony Orchestra (NOSPR) and the Silesian Museum, which allows one to enjoy the numerous attractions and amenities offered by the urban lifestyle.<\/p>\n\n\n\n<p>The project includes service outlets in the first floors of the buildings, kindergartens, common areas for residents, bicycle rooms, car charging stations and a two-story underground parking garage. Due to its large scale and functional diversity, the project is characterized by spatial, technical and environmental complexity. Permeable paving was used, good sunlight was provided, and there is a high biodiversity &#8211; perennials, perennial plants, ornamental grasses, shrubs, multi-species flowerbeds, pine and birch trees. In the vicinity are Bogucki and Powsta\u0144c\u00f3w \u015al\u0105skich city parks, which allows residents direct contact with greenery and landscape.<\/p>\n\n\n\n<figure class=\"wp-block-image size-large is-resized\"><img decoding=\"async\" src=\"https:\/\/www.grawosiedle.polsl.pl\/wp-content\/uploads\/2023\/05\/IL22-1024x578.jpg\" alt=\"\" class=\"wp-image-190\" width=\"1049\" height=\"591\" srcset=\"https:\/\/www.housingestategame.polsl.pl\/wp-content\/uploads\/2023\/05\/IL22-1024x578.jpg 1024w, https:\/\/www.housingestategame.polsl.pl\/wp-content\/uploads\/2023\/05\/IL22-300x169.jpg 300w, https:\/\/www.housingestategame.polsl.pl\/wp-content\/uploads\/2023\/05\/IL22-768x433.jpg 768w, https:\/\/www.housingestategame.polsl.pl\/wp-content\/uploads\/2023\/05\/IL22-1536x866.jpg 1536w, https:\/\/www.housingestategame.polsl.pl\/wp-content\/uploads\/2023\/05\/IL22-2048x1155.jpg 2048w\" sizes=\"(max-width: 767px) 89vw, (max-width: 1000px) 54vw, (max-width: 1071px) 543px, 580px\" \/><\/figure>\n\n\n\n<p>Phase I of the First District became the inspiration for the cards: hearts (resident), clubs (planner) and spades (environmentalist). We used components from these cards to make a model of a section of the First District. What&#8217;s more, the characteristic forms of the towers were the theme of the figures of the ladies used in the Game.<\/p>\n\n\n\n<figure class=\"wp-block-image size-full is-resized\"><img loading=\"lazy\" decoding=\"async\" src=\"https:\/\/www.grawosiedle.polsl.pl\/wp-content\/uploads\/2023\/06\/piersza-dzielnica_karta-3D_21.jpg\" alt=\"\" class=\"wp-image-306\" width=\"475\" height=\"701\"\/><\/figure>\n\n\n\n<p>LINK TO 3D MODEL: <a href=\"https:\/\/skfb.ly\/oEWBn\">https:\/\/skfb.ly\/oEWBn<\/a><\/p>\n","protected":false},"excerpt":{"rendered":"<p>Residential intensity is a concept that characterizes the efficiency of land use to achieve a certain number of apartments or residential building area on a plot. The increase in housing intensity is noticeable especially in the centers of large cities an example of which is the First District in Katowice designed by the Medusa Group &hellip; <\/p>\n<p class=\"link-more\"><a href=\"https:\/\/www.housingestategame.polsl.pl\/index.php\/470-2\/\" class=\"more-link\">Czytaj dalej<span class=\"screen-reader-text\"> \u201eA model of part of the First District housing estate in Katowice.\u201d<\/span><\/a><\/p>\n","protected":false},"author":1,"featured_media":0,"parent":0,"menu_order":0,"comment_status":"closed","ping_status":"closed","template":"","meta":{"footnotes":""},"class_list":["post-470","page","type-page","status-publish","hentry"],"_links":{"self":[{"href":"https:\/\/www.housingestategame.polsl.pl\/index.php\/wp-json\/wp\/v2\/pages\/470","targetHints":{"allow":["GET"]}}],"collection":[{"href":"https:\/\/www.housingestategame.polsl.pl\/index.php\/wp-json\/wp\/v2\/pages"}],"about":[{"href":"https:\/\/www.housingestategame.polsl.pl\/index.php\/wp-json\/wp\/v2\/types\/page"}],"author":[{"embeddable":true,"href":"https:\/\/www.housingestategame.polsl.pl\/index.php\/wp-json\/wp\/v2\/users\/1"}],"replies":[{"embeddable":true,"href":"https:\/\/www.housingestategame.polsl.pl\/index.php\/wp-json\/wp\/v2\/comments?post=470"}],"version-history":[{"count":2,"href":"https:\/\/www.housingestategame.polsl.pl\/index.php\/wp-json\/wp\/v2\/pages\/470\/revisions"}],"predecessor-version":[{"id":473,"href":"https:\/\/www.housingestategame.polsl.pl\/index.php\/wp-json\/wp\/v2\/pages\/470\/revisions\/473"}],"wp:attachment":[{"href":"https:\/\/www.housingestategame.polsl.pl\/index.php\/wp-json\/wp\/v2\/media?parent=470"}],"curies":[{"name":"wp","href":"https:\/\/api.w.org\/{rel}","templated":true}]}}